{"id":3082,"date":"2023-09-29T15:08:38","date_gmt":"2023-09-29T13:08:38","guid":{"rendered":"https:\/\/lehndorff-gesellschaft-steinort.com\/termine\/"},"modified":"2024-03-13T16:09:00","modified_gmt":"2024-03-13T15:09:00","slug":"termine","status":"publish","type":"page","link":"https:\/\/lehndorff-gesellschaft-steinort.com\/pl\/termine\/","title":{"rendered":"Termine"},"content":{"rendered":"<p><div class=\"fusion-fullwidth fullwidth-box fusion-builder-row-1 fusion-flex-container has-pattern-background has-mask-background fusion-parallax-none nonhundred-percent-fullwidth non-hundred-percent-height-scrolling fusion-custom-z-index\" style=\"--awb-background-position:right bottom;--awb-border-radius-top-left:0px;--awb-border-radius-top-right:0px;--awb-border-radius-bottom-right:0px;--awb-border-radius-bottom-left:0px;--awb-z-index:50;--awb-margin-bottom:-70px;--awb-min-height:calc(100 vh -70px);--awb-background-image:url(&quot;https:\/\/lehndorff-gesellschaft-steinort.com\/wp-content\/uploads\/2023\/09\/Header-IMPRESSUM-web.jpg&quot;);--awb-background-size:cover;--awb-flex-wrap:wrap;\" id=\"headerfullwidth\" ><div class=\"fusion-builder-row fusion-row fusion-flex-align-items-flex-start fusion-flex-content-wrap\" style=\"max-width:1216.8px;margin-left: calc(-4% \/ 2 );margin-right: calc(-4% \/ 2 );\"><div class=\"fusion-layout-column fusion_builder_column fusion-builder-column-0 fusion_builder_column_1_1 1_1 fusion-flex-column fusion-flex-align-self-flex-end\" style=\"--awb-bg-size:cover;--awb-width-large:100%;--awb-margin-top-large:0px;--awb-spacing-right-large:1.92%;--awb-margin-bottom-large:20px;--awb-spacing-left-large:1.92%;--awb-width-medium:100%;--awb-order-medium:0;--awb-spacing-right-medium:1.92%;--awb-spacing-left-medium:1.92%;--awb-width-small:100%;--awb-order-small:0;--awb-spacing-right-small:1.92%;--awb-spacing-left-small:1.92%;\" id=\"rowheaderhl\"><div class=\"fusion-column-wrapper fusion-column-has-shadow fusion-flex-justify-content-flex-end fusion-content-layout-column\"><div class=\"fusion-text fusion-text-1 fusion-text-no-margin bgblau clipheader\" style=\"--awb-content-alignment:left;--awb-font-size:max(min(60px, 5vw), 24px);;--awb-line-height:1;--awb-text-transform:uppercase;--awb-text-color:#ffffff;--awb-margin-bottom:60px;--awb-text-font-family:&quot;Montserrat&quot;;--awb-text-font-style:normal;--awb-text-font-weight:400;\" id=\"headerhl\"><p>Aktuelles<\/p>\n<\/div><div class=\"fusion-image-element \" style=\"text-align:center;--awb-caption-title-font-family:var(--h2_typography-font-family);--awb-caption-title-font-weight:var(--h2_typography-font-weight);--awb-caption-title-font-style:var(--h2_typography-font-style);--awb-caption-title-size:var(--h2_typography-font-size);--awb-caption-title-transform:var(--h2_typography-text-transform);--awb-caption-title-line-height:var(--h2_typography-line-height);--awb-caption-title-letter-spacing:var(--h2_typography-letter-spacing);\"><span class=\" fusion-imageframe imageframe-none imageframe-1 hover-type-none iconmouseheader\"><img decoding=\"async\" width=\"72\" height=\"103\" title=\"scroll-down-icon-scrolling-symbol-for-web-design-vector-23059633\" src=\"https:\/\/lehndorff-gesellschaft-steinort.com\/wp-content\/uploads\/2023\/08\/scroll-down-icon-scrolling-symbol-for-web-design-vector-23059633.png\" alt class=\"img-responsive wp-image-2992\"\/><\/span><\/div><\/div><\/div><\/div><\/div><div class=\"fusion-fullwidth fullwidth-box fusion-builder-row-2 fusion-flex-container has-pattern-background has-mask-background nonhundred-percent-fullwidth non-hundred-percent-height-scrolling\" style=\"--awb-background-position:left top;--awb-border-sizes-top:0px;--awb-border-sizes-bottom:0px;--awb-border-sizes-left:0px;--awb-border-sizes-right:0px;--awb-border-radius-top-left:0px;--awb-border-radius-top-right:0px;--awb-border-radius-bottom-right:0px;--awb-border-radius-bottom-left:0px;--awb-padding-top:100px;--awb-padding-bottom:0px;--awb-margin-bottom:0px;--awb-flex-wrap:wrap;\" ><div class=\"fusion-builder-row fusion-row fusion-flex-align-items-stretch fusion-flex-content-wrap\" style=\"max-width:calc( 1170px + 0px );margin-left: calc(-0px \/ 2 );margin-right: calc(-0px \/ 2 );\"><div class=\"fusion-layout-column fusion_builder_column fusion-builder-column-1 fusion_builder_column_1_5 1_5 fusion-flex-column\" style=\"--awb-padding-right:80px;--awb-bg-position:right bottom;--awb-bg-size:cover;--awb-width-large:20%;--awb-margin-top-large:0px;--awb-spacing-right-large:0px;--awb-margin-bottom-large:20px;--awb-spacing-left-large:0px;--awb-width-medium:100%;--awb-order-medium:0;--awb-spacing-right-medium:0px;--awb-margin-bottom-medium:0px;--awb-spacing-left-medium:0px;--awb-width-small:100%;--awb-order-small:0;--awb-spacing-right-small:0px;--awb-spacing-left-small:0px;\" data-scroll-devices=\"small-visibility,medium-visibility,large-visibility\"><div class=\"fusion-column-wrapper fusion-column-has-shadow fusion-flex-justify-content-flex-start fusion-content-layout-column\"><\/div><\/div><div class=\"fusion-layout-column fusion_builder_column fusion-builder-column-2 fusion_builder_column_4_5 4_5 fusion-flex-column\" style=\"--awb-padding-right:80px;--awb-bg-position:right bottom;--awb-bg-size:cover;--awb-width-large:80%;--awb-margin-top-large:0px;--awb-spacing-right-large:0px;--awb-margin-bottom-large:20px;--awb-spacing-left-large:0px;--awb-width-medium:100%;--awb-order-medium:0;--awb-spacing-right-medium:0px;--awb-margin-bottom-medium:0px;--awb-spacing-left-medium:0px;--awb-width-small:100%;--awb-order-small:0;--awb-spacing-right-small:0px;--awb-spacing-left-small:0px;\"><div class=\"fusion-column-wrapper fusion-column-has-shadow fusion-flex-justify-content-flex-start fusion-content-layout-column\"><div class=\"fusion-title title fusion-title-1 fusion-title-text fusion-title-size-three\" style=\"--awb-margin-top-small:0px;--awb-margin-right-small:0px;--awb-margin-bottom-small:15px;--awb-margin-left-small:0px;--awb-font-size:46px;\"><div class=\"title-sep-container title-sep-container-left fusion-no-large-visibility fusion-no-medium-visibility fusion-no-small-visibility\"><div class=\"title-sep sep- sep-solid\" style=\"border-color:#e0dede;\"><\/div><\/div><span class=\"awb-title-spacer fusion-no-large-visibility fusion-no-medium-visibility fusion-no-small-visibility\"><\/span><h3 class=\"fusion-title-heading title-heading-left fusion-responsive-typography-calculated\" style=\"margin:0;text-transform:uppercase;font-size:1em;--fontSize:46;line-height:1.67;\">Aktuelles<\/h3><span class=\"awb-title-spacer\"><\/span><div class=\"title-sep-container title-sep-container-right\"><div class=\"title-sep sep- sep-solid\" style=\"border-color:#e0dede;\"><\/div><\/div><\/div><div class=\"fusion-text fusion-text-2\" style=\"--awb-text-transform:none;\"><p><strong><span style=\"font-size: 26px;\">2024<br \/>\n<\/span><\/strong><\/p>\n<p>Zugang zum Schloss ausserhalb der Saison erh\u00e4lt man auf schriftliche Anmeldung<br \/>\nbei Peter Piotr Wagner: <span style=\"color: var(--awb-text-color); font-family: var(--awb-text-font-family); font-size: var(--awb-font-size); font-style: var(--awb-text-font-style); font-weight: var(--awb-text-font-weight); letter-spacing: var(--awb-letter-spacing); text-align: var(--awb-content-alignment); text-transform: var(--awb-text-transform); background-color: var(--awb-bg-color-hover);\">wagner.peter.dps@gmail.com<\/span><\/p>\n<p><b>30.01.2024, 12.30 h<\/b><\/p>\n<p>7 MOST ENDANGERED PROGRAMM 2024<\/p>\n<p>Schloss Steinort in der engeren Auswahl von <span style=\"background-color: var(--awb-bg-color-hover); color: var(--awb-text-color); font-family: var(--awb-text-font-family); font-size: var(--awb-font-size); font-style: var(--awb-text-font-style); font-weight: var(--awb-text-font-weight); letter-spacing: var(--awb-letter-spacing); text-align: var(--awb-content-alignment); text-transform: var(--awb-text-transform);\">11 am st\u00e4rksten gef\u00e4hrdeten Kulturerbest\u00e4tten in Europa<\/span><\/p>\n<p>Die Denkm\u00e4ler und Kulturerbest\u00e4tten in Europa, die in die engere Auswahl f\u00fcr das diesj\u00e4hrige Programm der 7 am st\u00e4rksten gef\u00e4hrdeten St\u00e4tten gekommen sind, wurden heute von Europa Nostra, der europ\u00e4ischen Stimme der Zivilgesellschaft, die sich f\u00fcr das Kultur- und Naturerbe einsetzt, und dem Institut der Europ\u00e4ischen Investitionsbank (EIB) bekannt gegeben.<\/p>\n<p>link: <a href=\"https:\/\/www.europanostra.org\/europa-nostra-and-eib-institute-announce-heritage-sites-in-europe-shortlisted-for-the-7-most-endangered-programme-2024\/\">https:\/\/www.europanostra.org\/europa-nostra-and-eib-institute-announce-heritage-sites-in-europe-shortlisted-for-the-7-most-endangered-programme-2024\/<\/a><\/p>\n<\/div><div class=\"fusion-text fusion-text-3\" style=\"--awb-text-transform:none;\"><p><strong><span style=\"font-size: 26px;\">2023<\/span><\/strong><\/p>\n<\/div><div class=\"fusion-text fusion-text-4\"><p><strong>25.10.2023, 19 h<\/strong><\/p>\n<p>Gerhart-Hauptmann-Haus, Bismarckstr. 90, 40210 D\u00fcsseldorf<\/p>\n<p>\u201eMigrationsgeschichten um Schloss Steinort. Ein Abend mit Ulla Lachauer und Agata Kern\u201c<\/p>\n<p>link: <a href=\"https:\/\/www.g-h-h.de\/veranstaltung\/migrationsgeschichten-um-schloss-steinort-sztynort\">https:\/\/www.g-h-h.de\/veranstaltung\/migrationsgeschichten-um-schloss-steinort-sztynort<\/a><\/p>\n<p><strong>08.11.2023, 18.30 h<\/strong><\/p>\n<p>Ostpreu\u00dfisches Landesmuseum, \u201eIn den H\u00e4usern der anderen. Spuren deutscher Vergangenheit in Westpolen. &#8211; Buchvorstellung und Gespr\u00e4ch mit der Autorin Karolina Kuszyk, Moderation: Ulla Lachauer\u201c<\/p>\n<p>link: <a href=\"https:\/\/www.ostpreussisches-landesmuseum.de\/termine\/in-den-hausern-der-anderen-spuren-deutscher-vergangenheit-in-westpolen\/\">https:\/\/www.ostpreussisches-landesmuseum.de\/termine\/in-den-hausern-der-anderen-spuren-deutscher-vergangenheit-in-westpolen\/<\/a><\/p>\n<p><strong>17.11.2023,<\/strong> 50. Geburtstag der DPG Berlin (Staatsbibliothek Berlin, Potsdamer Platz)<\/p>\n<p><strong>18.11.2023,<\/strong> 31. Jahrestagung der Deutsch-Polnischen Gesellschaften (ebda.)<\/p>\n<p>link: <a href=\"http:\/\/www.dpgberlin.de\">www.dpgberlin.de<\/a><\/p>\n<\/div><\/div><\/div><\/div><\/div><\/p>\n","protected":false},"excerpt":{"rendered":"","protected":false},"author":1,"featured_media":0,"parent":0,"menu_order":0,"comment_status":"closed","ping_status":"closed","template":"","meta":{"footnotes":""},"class_list":["post-3082","page","type-page","status-publish","hentry"],"yoast_head":"<!-- This site is optimized with the Yoast SEO plugin v27.1.1 - https:\/\/yoast.com\/product\/yoast-seo-wordpress\/ -->\n<title>Termine - Lehndorff-Gesellschaft-Steinort<\/title>\n<meta name=\"robots\" content=\"index, follow, max-snippet:-1, max-image-preview:large, max-video-preview:-1\" \/>\n<link rel=\"canonical\" href=\"https:\/\/lehndorff-gesellschaft-steinort.com\/pl\/termine\/\" \/>\n<meta property=\"og:locale\" content=\"pl_PL\" \/>\n<meta property=\"og:type\" content=\"article\" \/>\n<meta property=\"og:title\" content=\"Termine - Lehndorff-Gesellschaft-Steinort\" \/>\n<meta property=\"og:url\" content=\"https:\/\/lehndorff-gesellschaft-steinort.com\/pl\/termine\/\" \/>\n<meta property=\"og:site_name\" content=\"Lehndorff-Gesellschaft-Steinort\" \/>\n<meta property=\"article:modified_time\" content=\"2024-03-13T15:09:00+00:00\" \/>\n<meta name=\"twitter:card\" content=\"summary_large_image\" \/>\n<meta name=\"twitter:label1\" content=\"Szacowany czas czytania\" \/>\n\t<meta name=\"twitter:data1\" content=\"9 minut\" \/>\n<script type=\"application\/ld+json\" class=\"yoast-schema-graph\">{\"@context\":\"https:\/\/schema.org\",\"@graph\":[{\"@type\":\"WebPage\",\"@id\":\"https:\/\/lehndorff-gesellschaft-steinort.com\/pl\/termine\/\",\"url\":\"https:\/\/lehndorff-gesellschaft-steinort.com\/pl\/termine\/\",\"name\":\"Termine - Lehndorff-Gesellschaft-Steinort\",\"isPartOf\":{\"@id\":\"https:\/\/lehndorff-gesellschaft-steinort.com\/#website\"},\"datePublished\":\"2023-09-29T13:08:38+00:00\",\"dateModified\":\"2024-03-13T15:09:00+00:00\",\"breadcrumb\":{\"@id\":\"https:\/\/lehndorff-gesellschaft-steinort.com\/pl\/termine\/#breadcrumb\"},\"inLanguage\":\"pl-PL\",\"potentialAction\":[{\"@type\":\"ReadAction\",\"target\":[\"https:\/\/lehndorff-gesellschaft-steinort.com\/pl\/termine\/\"]}]},{\"@type\":\"BreadcrumbList\",\"@id\":\"https:\/\/lehndorff-gesellschaft-steinort.com\/pl\/termine\/#breadcrumb\",\"itemListElement\":[{\"@type\":\"ListItem\",\"position\":1,\"name\":\"Startseite\",\"item\":\"https:\/\/lehndorff-gesellschaft-steinort.com\/pl\/startseite\/\"},{\"@type\":\"ListItem\",\"position\":2,\"name\":\"Termine\"}]},{\"@type\":\"WebSite\",\"@id\":\"https:\/\/lehndorff-gesellschaft-steinort.com\/#website\",\"url\":\"https:\/\/lehndorff-gesellschaft-steinort.com\/\",\"name\":\"Lehndorff-Gesellschaft-Steinort\",\"description\":\"Eine weitere WordPress-Website\",\"potentialAction\":[{\"@type\":\"SearchAction\",\"target\":{\"@type\":\"EntryPoint\",\"urlTemplate\":\"https:\/\/lehndorff-gesellschaft-steinort.com\/?s={search_term_string}\"},\"query-input\":{\"@type\":\"PropertyValueSpecification\",\"valueRequired\":true,\"valueName\":\"search_term_string\"}}],\"inLanguage\":\"pl-PL\"}]}<\/script>\n<!-- \/ Yoast SEO plugin. -->","yoast_head_json":{"title":"Termine - Lehndorff-Gesellschaft-Steinort","robots":{"index":"index","follow":"follow","max-snippet":"max-snippet:-1","max-image-preview":"max-image-preview:large","max-video-preview":"max-video-preview:-1"},"canonical":"https:\/\/lehndorff-gesellschaft-steinort.com\/pl\/termine\/","og_locale":"pl_PL","og_type":"article","og_title":"Termine - Lehndorff-Gesellschaft-Steinort","og_url":"https:\/\/lehndorff-gesellschaft-steinort.com\/pl\/termine\/","og_site_name":"Lehndorff-Gesellschaft-Steinort","article_modified_time":"2024-03-13T15:09:00+00:00","twitter_card":"summary_large_image","twitter_misc":{"Szacowany czas czytania":"9 minut"},"schema":{"@context":"https:\/\/schema.org","@graph":[{"@type":"WebPage","@id":"https:\/\/lehndorff-gesellschaft-steinort.com\/pl\/termine\/","url":"https:\/\/lehndorff-gesellschaft-steinort.com\/pl\/termine\/","name":"Termine - Lehndorff-Gesellschaft-Steinort","isPartOf":{"@id":"https:\/\/lehndorff-gesellschaft-steinort.com\/#website"},"datePublished":"2023-09-29T13:08:38+00:00","dateModified":"2024-03-13T15:09:00+00:00","breadcrumb":{"@id":"https:\/\/lehndorff-gesellschaft-steinort.com\/pl\/termine\/#breadcrumb"},"inLanguage":"pl-PL","potentialAction":[{"@type":"ReadAction","target":["https:\/\/lehndorff-gesellschaft-steinort.com\/pl\/termine\/"]}]},{"@type":"BreadcrumbList","@id":"https:\/\/lehndorff-gesellschaft-steinort.com\/pl\/termine\/#breadcrumb","itemListElement":[{"@type":"ListItem","position":1,"name":"Startseite","item":"https:\/\/lehndorff-gesellschaft-steinort.com\/pl\/startseite\/"},{"@type":"ListItem","position":2,"name":"Termine"}]},{"@type":"WebSite","@id":"https:\/\/lehndorff-gesellschaft-steinort.com\/#website","url":"https:\/\/lehndorff-gesellschaft-steinort.com\/","name":"Lehndorff-Gesellschaft-Steinort","description":"Eine weitere WordPress-Website","potentialAction":[{"@type":"SearchAction","target":{"@type":"EntryPoint","urlTemplate":"https:\/\/lehndorff-gesellschaft-steinort.com\/?s={search_term_string}"},"query-input":{"@type":"PropertyValueSpecification","valueRequired":true,"valueName":"search_term_string"}}],"inLanguage":"pl-PL"}]}},"_links":{"self":[{"href":"https:\/\/lehndorff-gesellschaft-steinort.com\/pl\/wp-json\/wp\/v2\/pages\/3082","targetHints":{"allow":["GET"]}}],"collection":[{"href":"https:\/\/lehndorff-gesellschaft-steinort.com\/pl\/wp-json\/wp\/v2\/pages"}],"about":[{"href":"https:\/\/lehndorff-gesellschaft-steinort.com\/pl\/wp-json\/wp\/v2\/types\/page"}],"author":[{"embeddable":true,"href":"https:\/\/lehndorff-gesellschaft-steinort.com\/pl\/wp-json\/wp\/v2\/users\/1"}],"replies":[{"embeddable":true,"href":"https:\/\/lehndorff-gesellschaft-steinort.com\/pl\/wp-json\/wp\/v2\/comments?post=3082"}],"version-history":[{"count":2,"href":"https:\/\/lehndorff-gesellschaft-steinort.com\/pl\/wp-json\/wp\/v2\/pages\/3082\/revisions"}],"predecessor-version":[{"id":3084,"href":"https:\/\/lehndorff-gesellschaft-steinort.com\/pl\/wp-json\/wp\/v2\/pages\/3082\/revisions\/3084"}],"wp:attachment":[{"href":"https:\/\/lehndorff-gesellschaft-steinort.com\/pl\/wp-json\/wp\/v2\/media?parent=3082"}],"curies":[{"name":"wp","href":"https:\/\/api.w.org\/{rel}","templated":true}]}}