{"id":3079,"date":"2023-09-04T14:41:29","date_gmt":"2023-09-04T12:41:29","guid":{"rendered":"https:\/\/lehndorff-gesellschaft-steinort.com\/spenden\/"},"modified":"2024-03-13T16:08:15","modified_gmt":"2024-03-13T15:08:15","slug":"spenden","status":"publish","type":"page","link":"https:\/\/lehndorff-gesellschaft-steinort.com\/pl\/spenden\/","title":{"rendered":"Spenden"},"content":{"rendered":"<p><div class=\"fusion-fullwidth fullwidth-box fusion-builder-row-1 fusion-flex-container has-pattern-background has-mask-background fusion-parallax-none nonhundred-percent-fullwidth non-hundred-percent-height-scrolling fusion-custom-z-index\" style=\"--awb-background-position:right bottom;--awb-border-radius-top-left:0px;--awb-border-radius-top-right:0px;--awb-border-radius-bottom-right:0px;--awb-border-radius-bottom-left:0px;--awb-z-index:50;--awb-margin-bottom:-70px;--awb-min-height:calc(100 vh -70px);--awb-background-image:url(&quot;https:\/\/lehndorff-gesellschaft-steinort.com\/wp-content\/uploads\/2023\/09\/Header-Spenden-web.jpg&quot;);--awb-background-size:cover;--awb-flex-wrap:wrap;\" id=\"headerfullwidth\" ><div class=\"fusion-builder-row fusion-row fusion-flex-align-items-flex-start fusion-flex-content-wrap\" style=\"max-width:1216.8px;margin-left: calc(-4% \/ 2 );margin-right: calc(-4% \/ 2 );\"><div class=\"fusion-layout-column fusion_builder_column fusion-builder-column-0 fusion_builder_column_1_1 1_1 fusion-flex-column fusion-flex-align-self-flex-end\" style=\"--awb-bg-size:cover;--awb-width-large:100%;--awb-margin-top-large:0px;--awb-spacing-right-large:1.92%;--awb-margin-bottom-large:20px;--awb-spacing-left-large:1.92%;--awb-width-medium:100%;--awb-order-medium:0;--awb-spacing-right-medium:1.92%;--awb-spacing-left-medium:1.92%;--awb-width-small:100%;--awb-order-small:0;--awb-spacing-right-small:1.92%;--awb-spacing-left-small:1.92%;\" id=\"rowheaderhl\"><div class=\"fusion-column-wrapper fusion-column-has-shadow fusion-flex-justify-content-flex-end fusion-content-layout-column\"><div class=\"fusion-text fusion-text-1 fusion-text-no-margin bgblau clipheader\" style=\"--awb-content-alignment:left;--awb-font-size:max(min(60px, 5vw), 24px);;--awb-line-height:1;--awb-text-transform:uppercase;--awb-text-color:#ffffff;--awb-margin-bottom:60px;--awb-text-font-family:&quot;Montserrat&quot;;--awb-text-font-style:normal;--awb-text-font-weight:400;\" id=\"headerhl\"><p>Jede <strong>Spende<\/strong> z\u00e4hlt<\/p>\n<\/div><div class=\"fusion-image-element \" style=\"text-align:center;--awb-caption-title-font-family:var(--h2_typography-font-family);--awb-caption-title-font-weight:var(--h2_typography-font-weight);--awb-caption-title-font-style:var(--h2_typography-font-style);--awb-caption-title-size:var(--h2_typography-font-size);--awb-caption-title-transform:var(--h2_typography-text-transform);--awb-caption-title-line-height:var(--h2_typography-line-height);--awb-caption-title-letter-spacing:var(--h2_typography-letter-spacing);\"><span class=\" fusion-imageframe imageframe-none imageframe-1 hover-type-none iconmouseheader\"><img decoding=\"async\" width=\"72\" height=\"103\" title=\"scroll-down-icon-scrolling-symbol-for-web-design-vector-23059633\" src=\"https:\/\/lehndorff-gesellschaft-steinort.com\/wp-content\/uploads\/2023\/08\/scroll-down-icon-scrolling-symbol-for-web-design-vector-23059633.png\" alt class=\"img-responsive wp-image-2992\"\/><\/span><\/div><\/div><\/div><\/div><\/div><div class=\"fusion-fullwidth fullwidth-box fusion-builder-row-2 fusion-flex-container has-pattern-background has-mask-background nonhundred-percent-fullwidth non-hundred-percent-height-scrolling\" style=\"--awb-background-position:left top;--awb-border-sizes-top:0px;--awb-border-sizes-bottom:0px;--awb-border-sizes-left:0px;--awb-border-sizes-right:0px;--awb-border-radius-top-left:0px;--awb-border-radius-top-right:0px;--awb-border-radius-bottom-right:0px;--awb-border-radius-bottom-left:0px;--awb-padding-top:100px;--awb-padding-bottom:0px;--awb-margin-bottom:0px;--awb-flex-wrap:wrap;\" ><div class=\"fusion-builder-row fusion-row fusion-flex-align-items-stretch fusion-flex-content-wrap\" style=\"max-width:calc( 1170px + 0px );margin-left: calc(-0px \/ 2 );margin-right: calc(-0px \/ 2 );\"><div class=\"fusion-layout-column fusion_builder_column fusion-builder-column-1 fusion_builder_column_1_5 1_5 fusion-flex-column\" style=\"--awb-padding-right:80px;--awb-bg-position:right bottom;--awb-bg-size:cover;--awb-width-large:20%;--awb-margin-top-large:0px;--awb-spacing-right-large:0px;--awb-margin-bottom-large:20px;--awb-spacing-left-large:0px;--awb-width-medium:100%;--awb-order-medium:0;--awb-spacing-right-medium:0px;--awb-margin-bottom-medium:0px;--awb-spacing-left-medium:0px;--awb-width-small:100%;--awb-order-small:0;--awb-spacing-right-small:0px;--awb-spacing-left-small:0px;\" data-scroll-devices=\"small-visibility,medium-visibility,large-visibility\"><div class=\"fusion-column-wrapper fusion-column-has-shadow fusion-flex-justify-content-flex-start fusion-content-layout-column\"><\/div><\/div><div class=\"fusion-layout-column fusion_builder_column fusion-builder-column-2 fusion_builder_column_4_5 4_5 fusion-flex-column\" style=\"--awb-padding-right:80px;--awb-bg-position:right bottom;--awb-bg-size:cover;--awb-width-large:80%;--awb-margin-top-large:0px;--awb-spacing-right-large:0px;--awb-margin-bottom-large:20px;--awb-spacing-left-large:0px;--awb-width-medium:100%;--awb-order-medium:0;--awb-spacing-right-medium:0px;--awb-margin-bottom-medium:0px;--awb-spacing-left-medium:0px;--awb-width-small:100%;--awb-order-small:0;--awb-spacing-right-small:0px;--awb-spacing-left-small:0px;\"><div class=\"fusion-column-wrapper fusion-column-has-shadow fusion-flex-justify-content-flex-start fusion-content-layout-column\"><div class=\"fusion-title title fusion-title-1 fusion-title-text fusion-title-size-three\" style=\"--awb-margin-top-small:0px;--awb-margin-right-small:0px;--awb-margin-bottom-small:15px;--awb-margin-left-small:0px;--awb-font-size:46px;\"><div class=\"title-sep-container title-sep-container-left fusion-no-large-visibility fusion-no-medium-visibility fusion-no-small-visibility\"><div class=\"title-sep sep- sep-solid\" style=\"border-color:#e0dede;\"><\/div><\/div><span class=\"awb-title-spacer fusion-no-large-visibility fusion-no-medium-visibility fusion-no-small-visibility\"><\/span><h3 class=\"fusion-title-heading title-heading-left fusion-responsive-typography-calculated\" style=\"margin:0;text-transform:uppercase;font-size:1em;--fontSize:46;line-height:1.2;\">Werden Sie Spender oder F\u00f6rderer!<\/h3><span class=\"awb-title-spacer\"><\/span><div class=\"title-sep-container title-sep-container-right\"><div class=\"title-sep sep- sep-solid\" style=\"border-color:#e0dede;\"><\/div><\/div><\/div><div class=\"fusion-text fusion-text-2\" style=\"--awb-text-transform:none;\"><p><strong><span style=\"font-size: 26px;\">Die<\/span><\/strong> Arbeit der Lehndorff-Gesellschaft Steinort lebt von Spenden. Sie erm\u00f6glichen das umfangreiche kulturelle Leben in Steinort, u. a. die Sommerfestivalwoche, das Volunteers-Programm und die im Aufbau befindliche Akademie.<\/p>\n<p>Unsere Arbeit ist vom Finanzamt als gemeinn\u00fctzig anerkannt und Ihre Spende steuerabzugsf\u00e4hig. Erbschaften und Verm\u00e4chtnisse sind von der Erbschaftssteuer befreit.<\/p>\n<p>Ihre Spende z\u00e4hlt!<\/p>\n<\/div><script src=\"https:\/\/api.spendino.de\/donationmanager\/themed_forms\/display\/6533\"><\/script><\/div><\/div><div class=\"fusion-layout-column fusion_builder_column fusion-builder-column-3 fusion_builder_column_1_2 1_2 fusion-flex-column\" style=\"--awb-padding-top:100px;--awb-padding-bottom:100px;--awb-bg-size:cover;--awb-width-large:50%;--awb-margin-top-large:0px;--awb-spacing-right-large:0px;--awb-margin-bottom-large:20px;--awb-spacing-left-large:0px;--awb-width-medium:100%;--awb-order-medium:0;--awb-spacing-right-medium:0px;--awb-spacing-left-medium:0px;--awb-width-small:100%;--awb-order-small:0;--awb-spacing-right-small:0px;--awb-spacing-left-small:0px;\" data-scroll-devices=\"small-visibility,medium-visibility,large-visibility\"><div class=\"fusion-column-wrapper fusion-column-has-shadow fusion-flex-justify-content-flex-start fusion-content-layout-column\"><div style=\"text-align:center;\"><a class=\"fusion-button button-flat fusion-button-default-size button-custom fusion-button-default button-1 fusion-button-default-span fusion-button-default-type\" style=\"--button_accent_color:#ffffff;--button_accent_hover_color:#ffffff;--button_border_hover_color:#ffffff;--button_gradient_top_color:#c9820c;--button_gradient_bottom_color:#c9820c;--button_gradient_top_color_hover:#c4994a;--button_gradient_bottom_color_hover:#c4994a;\" target=\"_blank\" rel=\"noopener noreferrer\" href=\"https:\/\/lehndorff-gesellschaft-steinort.com\/wp-content\/uploads\/2023\/10\/SEPA_Lastschriftmandat_VORLAGE_2024.pdf\"><span class=\"fusion-button-icon-divider button-icon-divider-left\"><i class=\"fa-download fas awb-button__icon awb-button__icon--default\" aria-hidden=\"true\"><\/i><\/span><span class=\"fusion-button-text awb-button__text awb-button__text--default fusion-button-text-left\">Download SEPA-Formular zum Ausdrucken<\/span><\/a><\/div><\/div><\/div><div class=\"fusion-layout-column fusion_builder_column fusion-builder-column-4 fusion_builder_column_1_2 1_2 fusion-flex-column\" style=\"--awb-padding-top:100px;--awb-padding-bottom:100px;--awb-bg-size:cover;--awb-width-large:50%;--awb-margin-top-large:0px;--awb-spacing-right-large:0px;--awb-margin-bottom-large:20px;--awb-spacing-left-large:0px;--awb-width-medium:100%;--awb-order-medium:0;--awb-spacing-right-medium:0px;--awb-spacing-left-medium:0px;--awb-width-small:100%;--awb-order-small:0;--awb-spacing-right-small:0px;--awb-spacing-left-small:0px;\" data-scroll-devices=\"small-visibility,medium-visibility,large-visibility\"><div class=\"fusion-column-wrapper fusion-column-has-shadow fusion-flex-justify-content-flex-start fusion-content-layout-column\"><div style=\"text-align:center;\"><a class=\"fusion-button button-flat fusion-button-default-size button-custom fusion-button-default button-2 fusion-button-default-span fusion-button-default-type\" style=\"--button_accent_color:#ffffff;--button_accent_hover_color:#ffffff;--button_border_hover_color:#ffffff;--button_gradient_top_color:#c9820c;--button_gradient_bottom_color:#c9820c;--button_gradient_top_color_hover:#c4994a;--button_gradient_bottom_color_hover:#c4994a;\" target=\"_blank\" rel=\"noopener noreferrer\" href=\"https:\/\/lehndorff-gesellschaft-steinort.com\/wp-content\/uploads\/2023\/10\/SEPA_Lastschriftmandat_VORLAGE_2024_beschreibbar.pdf\"><span class=\"fusion-button-icon-divider button-icon-divider-left\"><i class=\"fa-download fas awb-button__icon awb-button__icon--default\" aria-hidden=\"true\"><\/i><\/span><span class=\"fusion-button-text awb-button__text awb-button__text--default fusion-button-text-left\">SEPA Formular ausf\u00fcllen und downloaden<\/span><\/a><\/div><\/div><\/div><div class=\"fusion-layout-column fusion_builder_column fusion-builder-column-5 fusion_builder_column_1_5 1_5 fusion-flex-column\" style=\"--awb-bg-size:cover;--awb-width-large:20%;--awb-margin-top-large:0px;--awb-spacing-right-large:0px;--awb-margin-bottom-large:20px;--awb-spacing-left-large:0px;--awb-width-medium:100%;--awb-order-medium:0;--awb-spacing-right-medium:0px;--awb-spacing-left-medium:0px;--awb-width-small:100%;--awb-order-small:0;--awb-spacing-right-small:0px;--awb-spacing-left-small:0px;\"><div class=\"fusion-column-wrapper fusion-column-has-shadow fusion-flex-justify-content-flex-start fusion-content-layout-column\"><\/div><\/div><div class=\"fusion-layout-column fusion_builder_column fusion-builder-column-6 fusion_builder_column_2_5 2_5 fusion-flex-column\" style=\"--awb-padding-top:20px;--awb-bg-size:cover;--awb-width-large:40%;--awb-margin-top-large:0px;--awb-spacing-right-large:0px;--awb-margin-bottom-large:20px;--awb-spacing-left-large:0px;--awb-width-medium:100%;--awb-order-medium:0;--awb-spacing-right-medium:0px;--awb-spacing-left-medium:0px;--awb-width-small:100%;--awb-order-small:0;--awb-spacing-right-small:0px;--awb-spacing-left-small:0px;\" data-scroll-devices=\"small-visibility,medium-visibility,large-visibility\"><div class=\"fusion-column-wrapper fusion-column-has-shadow fusion-flex-justify-content-flex-start fusion-content-layout-column\"><div class=\"fusion-text fusion-text-3 fusion-animated bgblau textoverlap doublewidth fullwidth\" style=\"--awb-font-size:20px;--awb-text-color:var(--awb-color1);\" data-animationType=\"zoomInUp\" data-animationDuration=\"0.9\" data-animationOffset=\"top-mid-of-view\"><p>Und so geht es am einfachsten: Scannen Sie den QR-Code mit Ihrem Handy, und Sie gelangen direkt auf die Seite unseres Spendentools!<\/p>\n<\/div><\/div><\/div><div class=\"fusion-layout-column fusion_builder_column fusion-builder-column-7 fusion_builder_column_2_5 2_5 fusion-flex-column\" style=\"--awb-bg-size:cover;--awb-width-large:40%;--awb-margin-top-large:0px;--awb-spacing-right-large:0px;--awb-margin-bottom-large:20px;--awb-spacing-left-large:0px;--awb-width-medium:100%;--awb-order-medium:0;--awb-spacing-right-medium:0px;--awb-spacing-left-medium:0px;--awb-width-small:100%;--awb-order-small:0;--awb-spacing-right-small:0px;--awb-spacing-left-small:0px;\"><div class=\"fusion-column-wrapper fusion-column-has-shadow fusion-flex-justify-content-flex-start fusion-content-layout-column\"><div class=\"fusion-image-element \" style=\"--awb-caption-title-font-family:var(--h2_typography-font-family);--awb-caption-title-font-weight:var(--h2_typography-font-weight);--awb-caption-title-font-style:var(--h2_typography-font-style);--awb-caption-title-size:var(--h2_typography-font-size);--awb-caption-title-transform:var(--h2_typography-text-transform);--awb-caption-title-line-height:var(--h2_typography-line-height);--awb-caption-title-letter-spacing:var(--h2_typography-letter-spacing);\"><span class=\" fusion-imageframe imageframe-none imageframe-2 hover-type-none\"><img decoding=\"async\" width=\"850\" height=\"850\" title=\"qr-code\" src=\"https:\/\/lehndorff-gesellschaft-steinort.com\/wp-content\/uploads\/2023\/09\/qr-code.png\" alt class=\"img-responsive wp-image-3013\" srcset=\"https:\/\/lehndorff-gesellschaft-steinort.com\/wp-content\/uploads\/2023\/09\/qr-code-200x200.png 200w, https:\/\/lehndorff-gesellschaft-steinort.com\/wp-content\/uploads\/2023\/09\/qr-code-400x400.png 400w, https:\/\/lehndorff-gesellschaft-steinort.com\/wp-content\/uploads\/2023\/09\/qr-code-600x600.png 600w, https:\/\/lehndorff-gesellschaft-steinort.com\/wp-content\/uploads\/2023\/09\/qr-code-800x800.png 800w, https:\/\/lehndorff-gesellschaft-steinort.com\/wp-content\/uploads\/2023\/09\/qr-code.png 850w\" sizes=\"(max-width: 1024px) 100vw, (max-width: 640px) 100vw, 600px\" \/><\/span><\/div><\/div><\/div><\/div><\/div><\/p>\n","protected":false},"excerpt":{"rendered":"","protected":false},"author":1,"featured_media":0,"parent":0,"menu_order":0,"comment_status":"closed","ping_status":"closed","template":"","meta":{"footnotes":""},"class_list":["post-3079","page","type-page","status-publish","hentry"],"yoast_head":"<!-- This site is optimized with the Yoast SEO plugin v27.1.1 - https:\/\/yoast.com\/product\/yoast-seo-wordpress\/ -->\n<title>Spenden - Lehndorff-Gesellschaft-Steinort<\/title>\n<meta name=\"robots\" content=\"index, follow, max-snippet:-1, max-image-preview:large, max-video-preview:-1\" \/>\n<link rel=\"canonical\" href=\"https:\/\/lehndorff-gesellschaft-steinort.com\/pl\/spenden\/\" \/>\n<meta property=\"og:locale\" content=\"pl_PL\" \/>\n<meta property=\"og:type\" content=\"article\" \/>\n<meta property=\"og:title\" content=\"Spenden - Lehndorff-Gesellschaft-Steinort\" \/>\n<meta property=\"og:url\" content=\"https:\/\/lehndorff-gesellschaft-steinort.com\/pl\/spenden\/\" \/>\n<meta property=\"og:site_name\" content=\"Lehndorff-Gesellschaft-Steinort\" \/>\n<meta property=\"article:modified_time\" content=\"2024-03-13T15:08:15+00:00\" \/>\n<meta name=\"twitter:card\" content=\"summary_large_image\" \/>\n<meta name=\"twitter:label1\" content=\"Szacowany czas czytania\" \/>\n\t<meta name=\"twitter:data1\" content=\"24 minuty\" \/>\n<script type=\"application\/ld+json\" class=\"yoast-schema-graph\">{\"@context\":\"https:\/\/schema.org\",\"@graph\":[{\"@type\":\"WebPage\",\"@id\":\"https:\/\/lehndorff-gesellschaft-steinort.com\/pl\/spenden\/\",\"url\":\"https:\/\/lehndorff-gesellschaft-steinort.com\/pl\/spenden\/\",\"name\":\"Spenden - Lehndorff-Gesellschaft-Steinort\",\"isPartOf\":{\"@id\":\"https:\/\/lehndorff-gesellschaft-steinort.com\/#website\"},\"datePublished\":\"2023-09-04T12:41:29+00:00\",\"dateModified\":\"2024-03-13T15:08:15+00:00\",\"breadcrumb\":{\"@id\":\"https:\/\/lehndorff-gesellschaft-steinort.com\/pl\/spenden\/#breadcrumb\"},\"inLanguage\":\"pl-PL\",\"potentialAction\":[{\"@type\":\"ReadAction\",\"target\":[\"https:\/\/lehndorff-gesellschaft-steinort.com\/pl\/spenden\/\"]}]},{\"@type\":\"BreadcrumbList\",\"@id\":\"https:\/\/lehndorff-gesellschaft-steinort.com\/pl\/spenden\/#breadcrumb\",\"itemListElement\":[{\"@type\":\"ListItem\",\"position\":1,\"name\":\"Startseite\",\"item\":\"https:\/\/lehndorff-gesellschaft-steinort.com\/pl\/startseite\/\"},{\"@type\":\"ListItem\",\"position\":2,\"name\":\"Spenden\"}]},{\"@type\":\"WebSite\",\"@id\":\"https:\/\/lehndorff-gesellschaft-steinort.com\/#website\",\"url\":\"https:\/\/lehndorff-gesellschaft-steinort.com\/\",\"name\":\"Lehndorff-Gesellschaft-Steinort\",\"description\":\"Eine weitere WordPress-Website\",\"potentialAction\":[{\"@type\":\"SearchAction\",\"target\":{\"@type\":\"EntryPoint\",\"urlTemplate\":\"https:\/\/lehndorff-gesellschaft-steinort.com\/?s={search_term_string}\"},\"query-input\":{\"@type\":\"PropertyValueSpecification\",\"valueRequired\":true,\"valueName\":\"search_term_string\"}}],\"inLanguage\":\"pl-PL\"}]}<\/script>\n<!-- \/ Yoast SEO plugin. -->","yoast_head_json":{"title":"Spenden - Lehndorff-Gesellschaft-Steinort","robots":{"index":"index","follow":"follow","max-snippet":"max-snippet:-1","max-image-preview":"max-image-preview:large","max-video-preview":"max-video-preview:-1"},"canonical":"https:\/\/lehndorff-gesellschaft-steinort.com\/pl\/spenden\/","og_locale":"pl_PL","og_type":"article","og_title":"Spenden - Lehndorff-Gesellschaft-Steinort","og_url":"https:\/\/lehndorff-gesellschaft-steinort.com\/pl\/spenden\/","og_site_name":"Lehndorff-Gesellschaft-Steinort","article_modified_time":"2024-03-13T15:08:15+00:00","twitter_card":"summary_large_image","twitter_misc":{"Szacowany czas czytania":"24 minuty"},"schema":{"@context":"https:\/\/schema.org","@graph":[{"@type":"WebPage","@id":"https:\/\/lehndorff-gesellschaft-steinort.com\/pl\/spenden\/","url":"https:\/\/lehndorff-gesellschaft-steinort.com\/pl\/spenden\/","name":"Spenden - Lehndorff-Gesellschaft-Steinort","isPartOf":{"@id":"https:\/\/lehndorff-gesellschaft-steinort.com\/#website"},"datePublished":"2023-09-04T12:41:29+00:00","dateModified":"2024-03-13T15:08:15+00:00","breadcrumb":{"@id":"https:\/\/lehndorff-gesellschaft-steinort.com\/pl\/spenden\/#breadcrumb"},"inLanguage":"pl-PL","potentialAction":[{"@type":"ReadAction","target":["https:\/\/lehndorff-gesellschaft-steinort.com\/pl\/spenden\/"]}]},{"@type":"BreadcrumbList","@id":"https:\/\/lehndorff-gesellschaft-steinort.com\/pl\/spenden\/#breadcrumb","itemListElement":[{"@type":"ListItem","position":1,"name":"Startseite","item":"https:\/\/lehndorff-gesellschaft-steinort.com\/pl\/startseite\/"},{"@type":"ListItem","position":2,"name":"Spenden"}]},{"@type":"WebSite","@id":"https:\/\/lehndorff-gesellschaft-steinort.com\/#website","url":"https:\/\/lehndorff-gesellschaft-steinort.com\/","name":"Lehndorff-Gesellschaft-Steinort","description":"Eine weitere WordPress-Website","potentialAction":[{"@type":"SearchAction","target":{"@type":"EntryPoint","urlTemplate":"https:\/\/lehndorff-gesellschaft-steinort.com\/?s={search_term_string}"},"query-input":{"@type":"PropertyValueSpecification","valueRequired":true,"valueName":"search_term_string"}}],"inLanguage":"pl-PL"}]}},"_links":{"self":[{"href":"https:\/\/lehndorff-gesellschaft-steinort.com\/pl\/wp-json\/wp\/v2\/pages\/3079","targetHints":{"allow":["GET"]}}],"collection":[{"href":"https:\/\/lehndorff-gesellschaft-steinort.com\/pl\/wp-json\/wp\/v2\/pages"}],"about":[{"href":"https:\/\/lehndorff-gesellschaft-steinort.com\/pl\/wp-json\/wp\/v2\/types\/page"}],"author":[{"embeddable":true,"href":"https:\/\/lehndorff-gesellschaft-steinort.com\/pl\/wp-json\/wp\/v2\/users\/1"}],"replies":[{"embeddable":true,"href":"https:\/\/lehndorff-gesellschaft-steinort.com\/pl\/wp-json\/wp\/v2\/comments?post=3079"}],"version-history":[{"count":2,"href":"https:\/\/lehndorff-gesellschaft-steinort.com\/pl\/wp-json\/wp\/v2\/pages\/3079\/revisions"}],"predecessor-version":[{"id":3081,"href":"https:\/\/lehndorff-gesellschaft-steinort.com\/pl\/wp-json\/wp\/v2\/pages\/3079\/revisions\/3081"}],"wp:attachment":[{"href":"https:\/\/lehndorff-gesellschaft-steinort.com\/pl\/wp-json\/wp\/v2\/media?parent=3079"}],"curies":[{"name":"wp","href":"https:\/\/api.w.org\/{rel}","templated":true}]}}