{"id":3068,"date":"2023-09-29T12:26:41","date_gmt":"2023-09-29T10:26:41","guid":{"rendered":"https:\/\/lehndorff-gesellschaft-steinort.com\/kontakt\/"},"modified":"2024-03-13T16:04:53","modified_gmt":"2024-03-13T15:04:53","slug":"kontakt","status":"publish","type":"page","link":"https:\/\/lehndorff-gesellschaft-steinort.com\/pl\/kontakt\/","title":{"rendered":"Kontakt"},"content":{"rendered":"<p><div class=\"fusion-fullwidth fullwidth-box fusion-builder-row-1 fusion-flex-container has-pattern-background has-mask-background fusion-parallax-none nonhundred-percent-fullwidth non-hundred-percent-height-scrolling fusion-custom-z-index\" style=\"--awb-background-position:right bottom;--awb-border-radius-top-left:0px;--awb-border-radius-top-right:0px;--awb-border-radius-bottom-right:0px;--awb-border-radius-bottom-left:0px;--awb-z-index:50;--awb-margin-bottom:-70px;--awb-min-height:calc(100 vh -70px);--awb-background-image:url(&quot;https:\/\/lehndorff-gesellschaft-steinort.com\/wp-content\/uploads\/2023\/09\/Header-KONTAKT-web.jpg&quot;);--awb-background-size:cover;--awb-flex-wrap:wrap;\" id=\"headerfullwidth\" ><div class=\"fusion-builder-row fusion-row fusion-flex-align-items-flex-start fusion-flex-content-wrap\" style=\"max-width:1216.8px;margin-left: calc(-4% \/ 2 );margin-right: calc(-4% \/ 2 );\"><div class=\"fusion-layout-column fusion_builder_column fusion-builder-column-0 fusion_builder_column_1_1 1_1 fusion-flex-column fusion-flex-align-self-flex-end\" style=\"--awb-bg-size:cover;--awb-width-large:100%;--awb-margin-top-large:0px;--awb-spacing-right-large:1.92%;--awb-margin-bottom-large:20px;--awb-spacing-left-large:1.92%;--awb-width-medium:100%;--awb-order-medium:0;--awb-spacing-right-medium:1.92%;--awb-spacing-left-medium:1.92%;--awb-width-small:100%;--awb-order-small:0;--awb-spacing-right-small:1.92%;--awb-spacing-left-small:1.92%;\" id=\"rowheaderhl\"><div class=\"fusion-column-wrapper fusion-column-has-shadow fusion-flex-justify-content-flex-end fusion-content-layout-column\"><div class=\"fusion-text fusion-text-1 fusion-text-no-margin bgblau clipheader\" style=\"--awb-content-alignment:left;--awb-font-size:max(min(60px, 5vw), 24px);;--awb-line-height:1;--awb-text-transform:uppercase;--awb-text-color:#ffffff;--awb-margin-bottom:60px;--awb-text-font-family:&quot;Montserrat&quot;;--awb-text-font-style:normal;--awb-text-font-weight:400;\" id=\"headerhl\"><p>Kontakt<\/p>\n<\/div><div class=\"fusion-image-element \" style=\"text-align:center;--awb-caption-title-font-family:var(--h2_typography-font-family);--awb-caption-title-font-weight:var(--h2_typography-font-weight);--awb-caption-title-font-style:var(--h2_typography-font-style);--awb-caption-title-size:var(--h2_typography-font-size);--awb-caption-title-transform:var(--h2_typography-text-transform);--awb-caption-title-line-height:var(--h2_typography-line-height);--awb-caption-title-letter-spacing:var(--h2_typography-letter-spacing);\"><span class=\" fusion-imageframe imageframe-none imageframe-1 hover-type-none iconmouseheader\"><img decoding=\"async\" width=\"72\" height=\"103\" title=\"scroll-down-icon-scrolling-symbol-for-web-design-vector-23059633\" src=\"https:\/\/lehndorff-gesellschaft-steinort.com\/wp-content\/uploads\/2023\/08\/scroll-down-icon-scrolling-symbol-for-web-design-vector-23059633.png\" alt class=\"img-responsive wp-image-2992\"\/><\/span><\/div><\/div><\/div><\/div><\/div><div class=\"fusion-fullwidth fullwidth-box fusion-builder-row-2 fusion-flex-container has-pattern-background has-mask-background nonhundred-percent-fullwidth non-hundred-percent-height-scrolling\" style=\"--awb-background-position:left top;--awb-border-sizes-top:0px;--awb-border-sizes-bottom:0px;--awb-border-sizes-left:0px;--awb-border-sizes-right:0px;--awb-border-radius-top-left:0px;--awb-border-radius-top-right:0px;--awb-border-radius-bottom-right:0px;--awb-border-radius-bottom-left:0px;--awb-padding-top:100px;--awb-padding-bottom:0px;--awb-margin-bottom:0px;--awb-flex-wrap:wrap;\" ><div class=\"fusion-builder-row fusion-row fusion-flex-align-items-stretch fusion-flex-content-wrap\" style=\"max-width:calc( 1170px + 0px );margin-left: calc(-0px \/ 2 );margin-right: calc(-0px \/ 2 );\"><div class=\"fusion-layout-column fusion_builder_column fusion-builder-column-1 fusion_builder_column_1_5 1_5 fusion-flex-column\" style=\"--awb-padding-right:80px;--awb-bg-position:right bottom;--awb-bg-size:cover;--awb-width-large:20%;--awb-margin-top-large:0px;--awb-spacing-right-large:0px;--awb-margin-bottom-large:20px;--awb-spacing-left-large:0px;--awb-width-medium:100%;--awb-order-medium:0;--awb-spacing-right-medium:0px;--awb-margin-bottom-medium:0px;--awb-spacing-left-medium:0px;--awb-width-small:100%;--awb-order-small:0;--awb-spacing-right-small:0px;--awb-spacing-left-small:0px;\" data-scroll-devices=\"small-visibility,medium-visibility,large-visibility\"><div class=\"fusion-column-wrapper fusion-column-has-shadow fusion-flex-justify-content-flex-start fusion-content-layout-column\"><\/div><\/div><div class=\"fusion-layout-column fusion_builder_column fusion-builder-column-2 fusion_builder_column_4_5 4_5 fusion-flex-column\" style=\"--awb-padding-right:80px;--awb-bg-position:right bottom;--awb-bg-size:cover;--awb-width-large:80%;--awb-margin-top-large:0px;--awb-spacing-right-large:0px;--awb-margin-bottom-large:20px;--awb-spacing-left-large:0px;--awb-width-medium:100%;--awb-order-medium:0;--awb-spacing-right-medium:0px;--awb-margin-bottom-medium:0px;--awb-spacing-left-medium:0px;--awb-width-small:100%;--awb-order-small:0;--awb-spacing-right-small:0px;--awb-spacing-left-small:0px;\"><div class=\"fusion-column-wrapper fusion-column-has-shadow fusion-flex-justify-content-flex-start fusion-content-layout-column\"><div class=\"fusion-title title fusion-title-1 fusion-title-text fusion-title-size-three\" style=\"--awb-margin-top-small:0px;--awb-margin-right-small:0px;--awb-margin-bottom-small:15px;--awb-margin-left-small:0px;--awb-font-size:46px;\"><div class=\"title-sep-container title-sep-container-left fusion-no-large-visibility fusion-no-medium-visibility fusion-no-small-visibility\"><div class=\"title-sep sep- sep-solid\" style=\"border-color:#e0dede;\"><\/div><\/div><span class=\"awb-title-spacer fusion-no-large-visibility fusion-no-medium-visibility fusion-no-small-visibility\"><\/span><h3 class=\"fusion-title-heading title-heading-left fusion-responsive-typography-calculated\" style=\"margin:0;text-transform:uppercase;font-size:1em;--fontSize:46;line-height:1.67;\">Schreiben Sie uns<\/h3><span class=\"awb-title-spacer\"><\/span><div class=\"title-sep-container title-sep-container-right\"><div class=\"title-sep sep- sep-solid\" style=\"border-color:#e0dede;\"><\/div><\/div><\/div><div class=\"fusion-text fusion-text-2\" style=\"--awb-text-transform:none;\"><p>Kontaktieren Sie uns!<\/p>\n<p>Wir beantworten Ihnen gerne alle Fragen: <a class=\"\" href=\"mailto:lehndorffgesellschaft@gmail.com\" target=\"_blank\" rel=\"noopener\">lehndorffgesellschaft@gmail.com<\/a><\/p>\n<\/div><\/div><\/div><\/div><\/div><div class=\"fusion-fullwidth fullwidth-box fusion-builder-row-3 fusion-flex-container has-pattern-background has-mask-background nonhundred-percent-fullwidth non-hundred-percent-height-scrolling\" style=\"--awb-background-position:left top;--awb-border-sizes-top:0px;--awb-border-sizes-bottom:0px;--awb-border-sizes-left:0px;--awb-border-sizes-right:0px;--awb-border-radius-top-left:0px;--awb-border-radius-top-right:0px;--awb-border-radius-bottom-right:0px;--awb-border-radius-bottom-left:0px;--awb-padding-top:100px;--awb-padding-bottom:0px;--awb-margin-bottom:0px;--awb-flex-wrap:wrap;\" ><div class=\"fusion-builder-row fusion-row fusion-flex-align-items-stretch fusion-flex-content-wrap\" style=\"max-width:calc( 1170px + 0px );margin-left: calc(-0px \/ 2 );margin-right: calc(-0px \/ 2 );\"><div class=\"fusion-layout-column fusion_builder_column fusion-builder-column-3 fusion_builder_column_1_5 1_5 fusion-flex-column\" style=\"--awb-padding-right:80px;--awb-bg-position:right bottom;--awb-bg-size:cover;--awb-width-large:20%;--awb-margin-top-large:0px;--awb-spacing-right-large:0px;--awb-margin-bottom-large:20px;--awb-spacing-left-large:0px;--awb-width-medium:100%;--awb-order-medium:0;--awb-spacing-right-medium:0px;--awb-margin-bottom-medium:0px;--awb-spacing-left-medium:0px;--awb-width-small:100%;--awb-order-small:0;--awb-spacing-right-small:0px;--awb-spacing-left-small:0px;\" data-scroll-devices=\"small-visibility,medium-visibility,large-visibility\"><div class=\"fusion-column-wrapper fusion-column-has-shadow fusion-flex-justify-content-flex-start fusion-content-layout-column\"><\/div><\/div><div class=\"fusion-layout-column fusion_builder_column fusion-builder-column-4 fusion_builder_column_4_5 4_5 fusion-flex-column\" style=\"--awb-padding-right:80px;--awb-bg-position:right bottom;--awb-bg-size:cover;--awb-width-large:80%;--awb-margin-top-large:0px;--awb-spacing-right-large:0px;--awb-margin-bottom-large:20px;--awb-spacing-left-large:0px;--awb-width-medium:100%;--awb-order-medium:0;--awb-spacing-right-medium:0px;--awb-margin-bottom-medium:0px;--awb-spacing-left-medium:0px;--awb-width-small:100%;--awb-order-small:0;--awb-spacing-right-small:0px;--awb-spacing-left-small:0px;\"><div class=\"fusion-column-wrapper fusion-column-has-shadow fusion-flex-justify-content-flex-start fusion-content-layout-column\"><div class=\"fusion-title title fusion-title-2 fusion-title-text fusion-title-size-three\" style=\"--awb-margin-top-small:0px;--awb-margin-right-small:0px;--awb-margin-bottom-small:15px;--awb-margin-left-small:0px;--awb-font-size:30px;\"><div class=\"title-sep-container title-sep-container-left fusion-no-large-visibility fusion-no-medium-visibility fusion-no-small-visibility\"><div class=\"title-sep sep- sep-solid\" style=\"border-color:#e0dede;\"><\/div><\/div><span class=\"awb-title-spacer fusion-no-large-visibility fusion-no-medium-visibility fusion-no-small-visibility\"><\/span><h3 class=\"fusion-title-heading title-heading-left fusion-responsive-typography-calculated\" style=\"margin:0;text-transform:uppercase;font-size:1em;--fontSize:30;line-height:1.67;\">Tipps f\u00fcr die Anreise<\/h3><span class=\"awb-title-spacer\"><\/span><div class=\"title-sep-container title-sep-container-right\"><div class=\"title-sep sep- sep-solid\" style=\"border-color:#e0dede;\"><\/div><\/div><\/div><div class=\"fusion-text fusion-text-3\"><p>Steinort \/ Sztynort liegt im n\u00f6rdlichen Teil der gro\u00dfen masurischen Seenplatte, in Nordostpolen. Das dazu geh\u00f6rige Dorf hei\u00dft Sztynort Duz\u0307y \/ Gro\u00df Steinort.<\/p>\n<p>Die n\u00e4chstgelegenen St\u00e4dte sind We\u0328gorzewo \/ Angerburg (20 km), Rastenburg \/ Ke\u0328trzyn\/ (27 km), und Giz\u0307ycko \/ L\u00f6tzen (26 km).<\/p>\n<p>Wenn man nicht im PKW nach Steinort kommt, empfiehlt sich f\u00fcr die letzten Kilometer ein Taxi oder Leihwagen.<\/p>\n<\/div><div class=\"fusion-text fusion-text-4\"><h3>ANREISE MIT DEM FLUGZEUG<\/h3>\n<p>Der Steinort n\u00e4chstgelegene Flughafen ist der Regionalflughafen Olsztyn-Mazury \/ Allenstein-Masuren in Szymany bei Szczytno \/ Ortelsburg. Verbindung ab Dortmund (wizzair). Direkt am Flughafen Olsztyn startet eine Bahn, Fahrzeit bis Olsztyn G\u0142owny \/ Hauptbahnhof ca. 1 Std. Auch ein Leihwagen l\u00e4sst sich direkt im Flughafen mieten. Vom Hauptbahnhof Olsztyn besteht Anschluss nach Gi\u017cycko \/ L\u00f6tzen, von hier sind es etwa 20 km bis nach Sztynort \/ Steinort. (<em>Achtung: zurzeit Umbauarbeiten am Hauptbahnhof Olsztyn<\/em>).<\/p>\n<p>Als weitere Flugh\u00e4fen bieten sich an: Lech-Wal\u0119sa Airport Gdansk \/ Danzig oder Frederic-Chopin Airport Warszawa \/ Warschau bzw. Modlin. Von gr\u00f6\u00dferen deutschen Flugh\u00e4fen (z.B. Frankfurt\/M., M\u00fcnchen, D\u00fcsseldorf betr\u00e4gt die Flugzeit jeweils etwa 2 Std.). Der Transfer von Danzig oder Warschau bis Steinort (es empfiehlt sich ein Leihwagen) dauert etwa 4 Stunden zus\u00e4tzlich.<\/p>\n<\/div><div class=\"fusion-text fusion-text-5\"><h3>ANREISE MIT DEM AUTO<\/h3>\n<p>Das Motto f\u00fcr die Anreise mit dem Auto k\u00f6nnte lauten: Entschleunigung, man sollte sich Zeit nehmen.<\/p>\n<ol>\n<li>Aus dem S\u00fcden, aus Warschau kommend, f\u00e4hrt man am besten \u00fcber die hervorragend ausgebaute Schnellstrasse S8 (Richtung Bydgoszcz \/ Bromberg) bis \u0141om\u017ca (oder Zambr\u00f3w) und weiter auf der Landstrasse 63 an die Masurischen Seen. <em>Der Anschluss \u0141om\u017ca in Richtung Masurische Seenplatte S\u00fcd \/ Pisz \/ Johannisburg soll 2025 fertig gestellt sein, rund um \u0141om\u017ca muss mit Umleitungen gerechnet werden.<\/em> Von \u0141om\u017ca bis Gi\u017cycko \/ L\u00f6tzen sind es auf der Landstrasse 63 noch etwa 160 km (gut 2 Stunden Fahrzeit). Nach etwa 60 km hat man in Pisz \/ Johannisburg die Seenplatte erreicht und f\u00e4hrt auf kleinen gem\u00fctlichen Stra\u00dfen vorzugsweise \u00f6stlich der Seen \u00fcber Gi\u017cycko \/ L\u00f6tzen bis nach Sztynort \/ Steinort.<\/li>\n<li>Aus dem Westen, aus Berlin kommend, bietet sich als schnellste Verbindung die Autostrada Wolno\u015bci A2 \/ Autobahn der Freiheit an (Berlin &#8211; Poznan \/ Posen &#8211; \u0141\u00f3d\u017c \/ Lodz &#8211; Warszawa \/ Warschau): 5 Std. bis Warszawa \/ Warschau. Mautpflichtig, deswegen relativ wenig befahren. Ab Warschau weiter wie in Punkt 1 beschrieben.<\/li>\n<li>Etwa 100 km k\u00fcrzer, daf\u00fcr weite Strecken nur \u00fcber zweispurige Landstra\u00dfen, ist die Strecke \u00fcber die A2 bis Poznan \/ Posen, dann Richtung Toru\u0144 \/ Thorn, Olsztyn \/ Allenstein auf der A 16 Richtung Mr\u0105gowo \/ Sensburg nach Gi\u017cycko \/ L\u00f6tzen.<\/li>\n<li>Aus dem Norden (Gdansk \/ Danzig, Sopot \/ Zoppot, Gdynia \/ Gdingen) kommend, geht es \u00fcber gut ausgebaute Schnellstra\u00dfen nach Olsztyn \/ Allenstein, das man inzwischen bequem umfahren kann. Von Olsztyn \/ Allenstein weiter auf der S 16 (Richtung August\u00f3w) bis Mr\u0105gowo \/ Sensburg, und von dort entweder \u00fcber Gi\u017cycko \/ L\u00f6tzen oder K\u0119trzyn \/ Rastenburg nach Sztynort \/ Steinort.<\/li>\n<\/ol>\n<\/div><div class=\"fusion-text fusion-text-6\"><h3>ANREISE MIT DEM ZUG<\/h3>\n<p><em>Hier f\u00fchrt kein Weg vorbei an Olsztyn \/ Allenstein. Der Hauptbahnhof Olsztyn ist im Umbau begriffen und stellt eine gewisse Herausforderung an die Reisenden beim Umstieg auf den derzeitigen Schienenersatzverkehr Richtung Gi\u017cycko \/ L\u00f6tzen dar.<\/em><\/p>\n<p>Prinzipiell l\u00e4sst sich w\u00e4hlen zwischen der Anreise \u00fcber Gdansk \/ Danzig oder Warszawa \/ Warschau, von Berlin aus lassen sich beiden Ziele mit Direktverbindungen erreichen. &#8211; In beiden F\u00e4llen lohnt sich ein Zwischenstopp! &#8211; Von Gdansk \/ Danzig wie auch von Warszawa \/ Warschau aus gibt es Verbindungen \u00fcber Olsztyn \/ Allenstein nach Gi\u017cycko \/ L\u00f6tzen.<\/p>\n<p>Von Berlin aus gelangt man direkt bis Poznan \/ Posen, von wo man nach einem etwa 2-st\u00fcndigen Aufenthalt (gut zu nutzen: neuer Bahnhof, gro\u00dfe Einkaufszone mit Restaurants) \u00fcber Olsztyn \/ Allenstein nach Gi\u017cycko \/ L\u00f6tzen weiterf\u00e4hrt.<\/p>\n<\/div><div class=\"fusion-separator fusion-full-width-sep\" style=\"align-self: center;margin-left: auto;margin-right: auto;margin-top:100px;width:100%;\"><\/div><div style=\"text-align:left;\"><a class=\"fusion-button button-flat fusion-button-default-size button-custom fusion-button-default button-1 fusion-button-default-span fusion-button-default-type\" style=\"--button_accent_color:#ffffff;--button_accent_hover_color:#ffffff;--button_border_hover_color:#ffffff;--button_gradient_top_color:#c9820c;--button_gradient_bottom_color:#c9820c;--button_gradient_top_color_hover:#c4994a;--button_gradient_bottom_color_hover:#c4994a;\" target=\"_blank\" rel=\"noopener noreferrer\" data-hover=\"icon_rotate\" href=\"https:\/\/maps.app.goo.gl\/9cwmjQLM5bk3ttgDA\"><span class=\"fusion-button-icon-divider button-icon-divider-left\"><i class=\"fa-map-marker-alt fas awb-button__icon awb-button__icon--default\" aria-hidden=\"true\"><\/i><\/span><span class=\"fusion-button-text awb-button__text awb-button__text--default fusion-button-text-left\">Steinort auf Google Maps<\/span><\/a><\/div><\/div><\/div><\/div><\/div><\/p>\n","protected":false},"excerpt":{"rendered":"","protected":false},"author":1,"featured_media":0,"parent":0,"menu_order":0,"comment_status":"closed","ping_status":"closed","template":"","meta":{"footnotes":""},"class_list":["post-3068","page","type-page","status-publish","hentry"],"yoast_head":"<!-- This site is optimized with the Yoast SEO plugin v27.1.1 - https:\/\/yoast.com\/product\/yoast-seo-wordpress\/ -->\n<title>Kontakt - Lehndorff-Gesellschaft-Steinort<\/title>\n<meta name=\"robots\" content=\"index, follow, max-snippet:-1, max-image-preview:large, max-video-preview:-1\" \/>\n<link rel=\"canonical\" href=\"https:\/\/lehndorff-gesellschaft-steinort.com\/pl\/kontakt\/\" \/>\n<meta property=\"og:locale\" content=\"pl_PL\" \/>\n<meta property=\"og:type\" content=\"article\" \/>\n<meta property=\"og:title\" content=\"Kontakt - Lehndorff-Gesellschaft-Steinort\" \/>\n<meta property=\"og:url\" content=\"https:\/\/lehndorff-gesellschaft-steinort.com\/pl\/kontakt\/\" \/>\n<meta property=\"og:site_name\" content=\"Lehndorff-Gesellschaft-Steinort\" \/>\n<meta property=\"article:modified_time\" content=\"2024-03-13T15:04:53+00:00\" \/>\n<meta name=\"twitter:card\" content=\"summary_large_image\" \/>\n<meta name=\"twitter:label1\" content=\"Szacowany czas czytania\" \/>\n\t<meta name=\"twitter:data1\" content=\"20 minut\" \/>\n<script type=\"application\/ld+json\" class=\"yoast-schema-graph\">{\"@context\":\"https:\/\/schema.org\",\"@graph\":[{\"@type\":\"WebPage\",\"@id\":\"https:\/\/lehndorff-gesellschaft-steinort.com\/pl\/kontakt\/\",\"url\":\"https:\/\/lehndorff-gesellschaft-steinort.com\/pl\/kontakt\/\",\"name\":\"Kontakt - Lehndorff-Gesellschaft-Steinort\",\"isPartOf\":{\"@id\":\"https:\/\/lehndorff-gesellschaft-steinort.com\/#website\"},\"datePublished\":\"2023-09-29T10:26:41+00:00\",\"dateModified\":\"2024-03-13T15:04:53+00:00\",\"breadcrumb\":{\"@id\":\"https:\/\/lehndorff-gesellschaft-steinort.com\/pl\/kontakt\/#breadcrumb\"},\"inLanguage\":\"pl-PL\",\"potentialAction\":[{\"@type\":\"ReadAction\",\"target\":[\"https:\/\/lehndorff-gesellschaft-steinort.com\/pl\/kontakt\/\"]}]},{\"@type\":\"BreadcrumbList\",\"@id\":\"https:\/\/lehndorff-gesellschaft-steinort.com\/pl\/kontakt\/#breadcrumb\",\"itemListElement\":[{\"@type\":\"ListItem\",\"position\":1,\"name\":\"Startseite\",\"item\":\"https:\/\/lehndorff-gesellschaft-steinort.com\/pl\/startseite\/\"},{\"@type\":\"ListItem\",\"position\":2,\"name\":\"Kontakt\"}]},{\"@type\":\"WebSite\",\"@id\":\"https:\/\/lehndorff-gesellschaft-steinort.com\/#website\",\"url\":\"https:\/\/lehndorff-gesellschaft-steinort.com\/\",\"name\":\"Lehndorff-Gesellschaft-Steinort\",\"description\":\"Eine weitere WordPress-Website\",\"potentialAction\":[{\"@type\":\"SearchAction\",\"target\":{\"@type\":\"EntryPoint\",\"urlTemplate\":\"https:\/\/lehndorff-gesellschaft-steinort.com\/?s={search_term_string}\"},\"query-input\":{\"@type\":\"PropertyValueSpecification\",\"valueRequired\":true,\"valueName\":\"search_term_string\"}}],\"inLanguage\":\"pl-PL\"}]}<\/script>\n<!-- \/ Yoast SEO plugin. -->","yoast_head_json":{"title":"Kontakt - Lehndorff-Gesellschaft-Steinort","robots":{"index":"index","follow":"follow","max-snippet":"max-snippet:-1","max-image-preview":"max-image-preview:large","max-video-preview":"max-video-preview:-1"},"canonical":"https:\/\/lehndorff-gesellschaft-steinort.com\/pl\/kontakt\/","og_locale":"pl_PL","og_type":"article","og_title":"Kontakt - Lehndorff-Gesellschaft-Steinort","og_url":"https:\/\/lehndorff-gesellschaft-steinort.com\/pl\/kontakt\/","og_site_name":"Lehndorff-Gesellschaft-Steinort","article_modified_time":"2024-03-13T15:04:53+00:00","twitter_card":"summary_large_image","twitter_misc":{"Szacowany czas czytania":"20 minut"},"schema":{"@context":"https:\/\/schema.org","@graph":[{"@type":"WebPage","@id":"https:\/\/lehndorff-gesellschaft-steinort.com\/pl\/kontakt\/","url":"https:\/\/lehndorff-gesellschaft-steinort.com\/pl\/kontakt\/","name":"Kontakt - Lehndorff-Gesellschaft-Steinort","isPartOf":{"@id":"https:\/\/lehndorff-gesellschaft-steinort.com\/#website"},"datePublished":"2023-09-29T10:26:41+00:00","dateModified":"2024-03-13T15:04:53+00:00","breadcrumb":{"@id":"https:\/\/lehndorff-gesellschaft-steinort.com\/pl\/kontakt\/#breadcrumb"},"inLanguage":"pl-PL","potentialAction":[{"@type":"ReadAction","target":["https:\/\/lehndorff-gesellschaft-steinort.com\/pl\/kontakt\/"]}]},{"@type":"BreadcrumbList","@id":"https:\/\/lehndorff-gesellschaft-steinort.com\/pl\/kontakt\/#breadcrumb","itemListElement":[{"@type":"ListItem","position":1,"name":"Startseite","item":"https:\/\/lehndorff-gesellschaft-steinort.com\/pl\/startseite\/"},{"@type":"ListItem","position":2,"name":"Kontakt"}]},{"@type":"WebSite","@id":"https:\/\/lehndorff-gesellschaft-steinort.com\/#website","url":"https:\/\/lehndorff-gesellschaft-steinort.com\/","name":"Lehndorff-Gesellschaft-Steinort","description":"Eine weitere WordPress-Website","potentialAction":[{"@type":"SearchAction","target":{"@type":"EntryPoint","urlTemplate":"https:\/\/lehndorff-gesellschaft-steinort.com\/?s={search_term_string}"},"query-input":{"@type":"PropertyValueSpecification","valueRequired":true,"valueName":"search_term_string"}}],"inLanguage":"pl-PL"}]}},"_links":{"self":[{"href":"https:\/\/lehndorff-gesellschaft-steinort.com\/pl\/wp-json\/wp\/v2\/pages\/3068","targetHints":{"allow":["GET"]}}],"collection":[{"href":"https:\/\/lehndorff-gesellschaft-steinort.com\/pl\/wp-json\/wp\/v2\/pages"}],"about":[{"href":"https:\/\/lehndorff-gesellschaft-steinort.com\/pl\/wp-json\/wp\/v2\/types\/page"}],"author":[{"embeddable":true,"href":"https:\/\/lehndorff-gesellschaft-steinort.com\/pl\/wp-json\/wp\/v2\/users\/1"}],"replies":[{"embeddable":true,"href":"https:\/\/lehndorff-gesellschaft-steinort.com\/pl\/wp-json\/wp\/v2\/comments?post=3068"}],"version-history":[{"count":2,"href":"https:\/\/lehndorff-gesellschaft-steinort.com\/pl\/wp-json\/wp\/v2\/pages\/3068\/revisions"}],"predecessor-version":[{"id":3070,"href":"https:\/\/lehndorff-gesellschaft-steinort.com\/pl\/wp-json\/wp\/v2\/pages\/3068\/revisions\/3070"}],"wp:attachment":[{"href":"https:\/\/lehndorff-gesellschaft-steinort.com\/pl\/wp-json\/wp\/v2\/media?parent=3068"}],"curies":[{"name":"wp","href":"https:\/\/api.w.org\/{rel}","templated":true}]}}